{"id":1032,"date":"2016-08-24T15:52:07","date_gmt":"2016-08-24T13:52:07","guid":{"rendered":"http:\/\/pantalonirossi.lacumpa.biz\/?page_id=1032"},"modified":"2019-05-17T14:32:16","modified_gmt":"2019-05-17T12:32:16","slug":"yozakura-quartet-hoshi-no-umi","status":"publish","type":"page","link":"https:\/\/pantalonirossi.lacumpa.biz\/?page_id=1032","title":{"rendered":"Yozakura Quartet &#8211; Hoshi no Umi"},"content":{"rendered":"<p><center><img decoding=\"async\" src=\"http:\/\/i.imgur.com\/9NJXjCRl.png\" \/><\/center><\/p>\n<p><span style=\"text-decoration: underline;\"><strong>Storia<\/strong><\/span><br \/>\nLa prima cacciatrice di youkai \u00e8 giunta a Sakura-shinmachi. Il suo obiettivo \u00e8 Rin, una piccola jiangshi arrivata da soli due anni in citt\u00e0 e che \u00e8 finalmente riuscita ad ambientarsi, frequenta la scuola e ha iniziato a dare una mano nel ristorante di ramen della coppia che ha deciso di adottarla. Hime, Akina e i loro amici dovranno affrontare la loro prima, vera battaglia e si troveranno a dover prendere decisioni molto importanti per il loro futuro e quello della citt\u00e0 stessa.<\/p>\n<p><span style=\"text-decoration: underline;\"><strong>Dettagli<\/strong><\/span><br \/>\n<strong>Sorgente video<\/strong>: Blu-ray<br \/>\n<strong>Caratteristiche Video<\/strong>: H264 Hi444PP &#8211; 1280&#215;720<br \/>\n<strong>Caratteristiche Audio<\/strong>: Opus<br \/>\n<strong>Container<\/strong>: Matroska<br \/>\n<strong>Sottotitoli<\/strong>: Softsub in ASS<br \/>\n<strong>Ringraziamenti<\/strong>: [Chihiro], [Cthuko]<\/p>\n<p><span style=\"text-decoration: underline;\"><strong>Staff<\/strong><\/span><br \/>\n<strong>Traduzione e adattamento<\/strong>: Max<br \/>\n<strong>Check<\/strong>: Nighthawk<br \/>\n<strong>Timing e typesetting<\/strong>: Alen<br \/>\n<strong>Encoding e check finale<\/strong>: Hell<\/p>\n<p><a href=\"https:\/\/nyaa.si\/view\/1144133\">Download torrent pack episodi 01-03<\/a><\/p>\n","protected":false},"excerpt":{"rendered":"<p>Storia La prima cacciatrice di youkai \u00e8 giunta a Sakura-shinmachi. Il suo obiettivo \u00e8 Rin, una piccola jiangshi arrivata da soli due anni in citt\u00e0 e che \u00e8 finalmente riuscita ad ambientarsi, frequenta la scuola e ha iniziato a dare una mano nel ristorante di ramen della coppia che ha deciso di adottarla. Hime, Akina [&hellip;]<\/p>\n","protected":false},"author":2,"featured_media":0,"parent":0,"menu_order":0,"comment_status":"closed","ping_status":"closed","template":"","meta":{"footnotes":""},"_links":{"self":[{"href":"https:\/\/pantalonirossi.lacumpa.biz\/index.php?rest_route=\/wp\/v2\/pages\/1032"}],"collection":[{"href":"https:\/\/pantalonirossi.lacumpa.biz\/index.php?rest_route=\/wp\/v2\/pages"}],"about":[{"href":"https:\/\/pantalonirossi.lacumpa.biz\/index.php?rest_route=\/wp\/v2\/types\/page"}],"author":[{"embeddable":true,"href":"https:\/\/pantalonirossi.lacumpa.biz\/index.php?rest_route=\/wp\/v2\/users\/2"}],"replies":[{"embeddable":true,"href":"https:\/\/pantalonirossi.lacumpa.biz\/index.php?rest_route=%2Fwp%2Fv2%2Fcomments&post=1032"}],"version-history":[{"count":14,"href":"https:\/\/pantalonirossi.lacumpa.biz\/index.php?rest_route=\/wp\/v2\/pages\/1032\/revisions"}],"predecessor-version":[{"id":2034,"href":"https:\/\/pantalonirossi.lacumpa.biz\/index.php?rest_route=\/wp\/v2\/pages\/1032\/revisions\/2034"}],"wp:attachment":[{"href":"https:\/\/pantalonirossi.lacumpa.biz\/index.php?rest_route=%2Fwp%2Fv2%2Fmedia&parent=1032"}],"curies":[{"name":"wp","href":"https:\/\/api.w.org\/{rel}","templated":true}]}}