{"id":798,"date":"2016-06-07T17:05:50","date_gmt":"2016-06-07T15:05:50","guid":{"rendered":"http:\/\/pantalonirossi.lacumpa.biz\/?page_id=798"},"modified":"2019-05-10T12:48:15","modified_gmt":"2019-05-10T10:48:15","slug":"high-school-fleet","status":"publish","type":"page","link":"http:\/\/pantalonirossi.lacumpa.biz\/?page_id=798","title":{"rendered":"High School Fleet"},"content":{"rendered":"<p><center><img decoding=\"async\" src=\"http:\/\/i.imgur.com\/JZuSefH.jpg\" height=\"700\"><\/center><\/p>\n<p><span style=\"text-decoration: underline;\"><strong>Storia<\/strong><\/span><br \/>\nNella prima met\u00e0 del &#8216;900, a causa dell&#8217;estrazione di idrato di metano dai fondali marini, le terre emerse del Giappone sono sprofondate e ora la maggior parte delle metropoli sono costituite da enormi piattaforme galleggianti. Per aiutare lo sviluppo del paese in questa nuova situazione, tutte le navi da guerra sono state riconvertite per uso civile e utilizzate per l&#8217;istruzione di giovani ragazze, affinch\u00e9 possano imparare a solcare i mari e crescere tra le mille sfide quotidiane, superando ogni difficolt\u00e0. Nascono cos\u00ec le Blue Mermaid.<\/p>\n<p><span style=\"text-decoration: underline;\"><strong>Dettagli<\/strong><\/span><br \/>\n<strong>Sorgente video<\/strong>: Blu-Ray<br \/>\n<strong>Caratteristiche Video<\/strong>: H264 Hi10P &#8211; 1280&#215;720<br \/>\n<strong>Caratteristiche Audio<\/strong>: AAC LC<br \/>\n<strong>Container<\/strong>: Matroska<br \/>\n<strong>Sottotitoli<\/strong>: Softsub in ASS<br \/>\n<strong>Ringraziamenti<\/strong>: [Vivid-GJM]<\/p>\n<p>In collaborazione con <a href=\"http:\/\/omnivium.it\/\">Omnivium<\/a>.<\/p>\n<p><span style=\"text-decoration: underline;\"><strong>Staff<\/strong><\/span><br \/>\n<strong>Traduzione e adattamento<\/strong>: Max<br \/>\n<strong>Check<\/strong>: Nighthawk<br \/>\n<strong>Timing, typesetting, encoding e check finale<\/strong>: Hell (Omnivium)<\/p>\n<p><a href=\"https:\/\/nyaa.si\/view\/945949\"><strong>Download torrent pack episodi 01-12 FINE<\/strong><\/a><\/p>\n","protected":false},"excerpt":{"rendered":"<p>Storia Nella prima met\u00e0 del &#8216;900, a causa dell&#8217;estrazione di idrato di metano dai fondali marini, le terre emerse del Giappone sono sprofondate e ora la maggior parte delle metropoli sono costituite da enormi piattaforme galleggianti. Per aiutare lo sviluppo del paese in questa nuova situazione, tutte le navi da guerra sono state riconvertite per [&hellip;]<\/p>\n","protected":false},"author":2,"featured_media":0,"parent":0,"menu_order":0,"comment_status":"closed","ping_status":"closed","template":"","meta":{"footnotes":""},"_links":{"self":[{"href":"http:\/\/pantalonirossi.lacumpa.biz\/index.php?rest_route=\/wp\/v2\/pages\/798"}],"collection":[{"href":"http:\/\/pantalonirossi.lacumpa.biz\/index.php?rest_route=\/wp\/v2\/pages"}],"about":[{"href":"http:\/\/pantalonirossi.lacumpa.biz\/index.php?rest_route=\/wp\/v2\/types\/page"}],"author":[{"embeddable":true,"href":"http:\/\/pantalonirossi.lacumpa.biz\/index.php?rest_route=\/wp\/v2\/users\/2"}],"replies":[{"embeddable":true,"href":"http:\/\/pantalonirossi.lacumpa.biz\/index.php?rest_route=%2Fwp%2Fv2%2Fcomments&post=798"}],"version-history":[{"count":18,"href":"http:\/\/pantalonirossi.lacumpa.biz\/index.php?rest_route=\/wp\/v2\/pages\/798\/revisions"}],"predecessor-version":[{"id":2363,"href":"http:\/\/pantalonirossi.lacumpa.biz\/index.php?rest_route=\/wp\/v2\/pages\/798\/revisions\/2363"}],"wp:attachment":[{"href":"http:\/\/pantalonirossi.lacumpa.biz\/index.php?rest_route=%2Fwp%2Fv2%2Fmedia&parent=798"}],"curies":[{"name":"wp","href":"https:\/\/api.w.org\/{rel}","templated":true}]}}