{"id":287,"date":"2014-10-13T21:06:14","date_gmt":"2014-10-13T19:06:14","guid":{"rendered":"http:\/\/pantalonirossi.lacumpa.biz\/?page_id=287"},"modified":"2021-11-09T13:24:45","modified_gmt":"2021-11-09T12:24:45","slug":"f-a-q","status":"publish","type":"page","link":"http:\/\/pantalonirossi.lacumpa.biz\/?page_id=287","title":{"rendered":"F.A.Q."},"content":{"rendered":"<p><strong>Q)<\/strong> Chi siete e perch\u00e9 lo fate?<br \/>\n<strong>A)<\/strong> Siamo un gruppo di appassionati di animazione giapponese che si occupano di sottotitolare gratuitamente serie e film. Lo facciamo prima di tutto perch\u00e9 ci piace, in secondo luogo perch\u00e9 anche chi non conosce la lingua d&#8217;origine possa godere di quelle opere che, per un motivo o per l&#8217;altro, riteniamo che siano divertenti e interessanti.<\/p>\n<p><strong>Q)<\/strong> Ma tutto ci\u00f2 \u00e8 illegale, non vi vergognate?<br \/>\n<strong>A)<\/strong> Non \u00e8 nostra intenzione accampare scuse o appellarci a fantomatiche zone grigie, sappiamo molto bene che quello che facciamo non \u00e8 legale. Tuttavia, la nostra intenzione non \u00e8 certamente quella di danneggiare chi si occupa professionalmente della localizzazione di serie e film d&#8217;animazione giapponesi, ma solamente quella di colmare quel vuoto che si viene a creare fra il poco che pu\u00f2 vedere la luce in un mercato difficile come quello italiano e la sterminata produzione giapponese.<\/p>\n<p><strong>Q)<\/strong> Belle parole, ma poi i DVD li comprate?<br \/>\n<strong>A)<\/strong> Certo! Nel nostro piccolo, sosteniamo il mercato home video e invitiamo tutti voi a fare lo stesso per i prodotti a cui siete interessati. Non solo, siamo sempre pronti a supportare qualsiasi iniziativa volta a promuovere l&#8217;animazione giapponese in Italia, che si tratti di un evento al cinema o di un simulcast in streaming.<\/p>\n<p><strong>Q)<\/strong> Ma la serie X la fa gi\u00e0 il gruppo Y, perch\u00e9 dovrei vedere la vostra versione?<br \/>\n<strong>A)<\/strong> Perch\u00e9 \u00e8 oggettivamente migliore! A parte gli scherzi, non possiamo certo garantire la perfezione, ma come gruppo cerchiamo sempre di fare del nostro meglio durante la lavorazione di una serie o di un film. Questo perch\u00e9 crediamo che una buona traduzione e una parte tecnica ben curata siano fondamentali per poter apprezzare un&#8217;opera, soprattutto se non si conosce la lingua d&#8217;origine. Le critiche sono sempre ben accette e siamo aperti a confronti costruttivi.<\/p>\n<p><strong>Q)<\/strong> Posso prendere i vostri episodi e metterli sul mio sito?<br \/>\n<strong>A)<\/strong> La nostra risposta \u00e8 e sar\u00e0 sempre la stessa: no, ma questo \u00e8 Internet e non abbiamo alcun mezzo concreto per impedirvelo. L&#8217;unico vero favore che chiediamo \u00e8 la totale rimozione del materiale qualora la licenza per una serie venisse acquisita da un editore italiano. Come gi\u00e0 detto, non \u00e8 nostra intenzione danneggiare chi localizza prodotti di animazione giapponese per lavoro.<\/p>\n<p><strong>Q)<\/strong> Come posso riprodurre i vostri fansub?<br \/>\n<strong>A)<\/strong> Soluzioni suggerite in ordine decrescente di preferibilit\u00e0:<br \/>\n<strong>Windows:<\/strong> <a href=\"http:\/\/www.cccp-project.net\/\">CCCP<\/a>, <a href=\"http:\/\/mpv.srsfckn.biz\/\">Build di MPV per Windows<\/a>, <a href=\"http:\/\/www.videolan.org\/vlc\/\">VLC 2.2.0 (o pi\u00f9 recente)<\/a><br \/>\n<strong>OSX:<\/strong> <a href=\"http:\/\/sva.wakku.to\/~chris\/mpv_builds\/\">Build di MPV per OSX<\/a>, <a href=\"http:\/\/www.videolan.org\/vlc\/\">VLC 2.2.0 (o pi\u00f9 recente)<\/a><br \/>\n<strong>Linux:<\/strong> <a href=\"https:\/\/github.com\/mpv-player\/mpv\">Sorgente di MPV<\/a>, <a href=\"http:\/\/www.videolan.org\/vlc\/\">VLC 2.2.0 (o pi\u00f9 recente)<\/a><br \/>\nKCP \u00e8 sconsigliato (per X ragioni che non sto qui a elencare, se le conoscete e sapete cosa state facendo allora potete usarlo), VLC funziona solo dalla 2.2.0.<br \/>\nEvitate assolutamente di usare K-Lite (a meno che sappiate DAVVERO cosa state facendo), Quick Time e KMPlayer.<\/p>\n<p><strong>Q)<\/strong> Perch\u00e9 della serie XYZ fate solo softsub 10bit?<br \/>\n<strong>A)<\/strong> Distribuire pi\u00f9 versioni di uno stesso episodio richiede spazio, banda, tempo e impegno extra. Pertanto, se lo riteniamo pi\u00f9 opportuno, ci limitiamo a distribuire nel formato con il migliore rapporto di qualit\u00e0\/filesize, anche a costo di perderci in compatibilit\u00e0 con hardware vari e con software datati. Se il vostro metodo abituale di playback non funziona, potete re-encodare con autohardsubber la nostra release per vedervela (\u00e8 semplice e relativamente rapido).<\/p>\n","protected":false},"excerpt":{"rendered":"<p>Q) Chi siete e perch\u00e9 lo fate? A) Siamo un gruppo di appassionati di animazione giapponese che si occupano di sottotitolare gratuitamente serie e film. Lo facciamo prima di tutto perch\u00e9 ci piace, in secondo luogo perch\u00e9 anche chi non conosce la lingua d&#8217;origine possa godere di quelle opere che, per un motivo o per [&hellip;]<\/p>\n","protected":false},"author":2,"featured_media":0,"parent":0,"menu_order":0,"comment_status":"open","ping_status":"open","template":"","meta":{"footnotes":""},"_links":{"self":[{"href":"http:\/\/pantalonirossi.lacumpa.biz\/index.php?rest_route=\/wp\/v2\/pages\/287"}],"collection":[{"href":"http:\/\/pantalonirossi.lacumpa.biz\/index.php?rest_route=\/wp\/v2\/pages"}],"about":[{"href":"http:\/\/pantalonirossi.lacumpa.biz\/index.php?rest_route=\/wp\/v2\/types\/page"}],"author":[{"embeddable":true,"href":"http:\/\/pantalonirossi.lacumpa.biz\/index.php?rest_route=\/wp\/v2\/users\/2"}],"replies":[{"embeddable":true,"href":"http:\/\/pantalonirossi.lacumpa.biz\/index.php?rest_route=%2Fwp%2Fv2%2Fcomments&post=287"}],"version-history":[{"count":13,"href":"http:\/\/pantalonirossi.lacumpa.biz\/index.php?rest_route=\/wp\/v2\/pages\/287\/revisions"}],"predecessor-version":[{"id":2534,"href":"http:\/\/pantalonirossi.lacumpa.biz\/index.php?rest_route=\/wp\/v2\/pages\/287\/revisions\/2534"}],"wp:attachment":[{"href":"http:\/\/pantalonirossi.lacumpa.biz\/index.php?rest_route=%2Fwp%2Fv2%2Fmedia&parent=287"}],"curies":[{"name":"wp","href":"https:\/\/api.w.org\/{rel}","templated":true}]}}