{"id":2499,"date":"2021-11-25T13:33:20","date_gmt":"2021-11-25T12:33:20","guid":{"rendered":"https:\/\/pantalonirossi.lacumpa.biz\/?page_id=2499"},"modified":"2021-11-25T14:06:51","modified_gmt":"2021-11-25T13:06:51","slug":"kouya-no-kotobuki-hikoutai-kanzenban","status":"publish","type":"page","link":"http:\/\/pantalonirossi.lacumpa.biz\/?page_id=2499","title":{"rendered":"Kouya no Kotobuki Hikoutai Kanzenban"},"content":{"rendered":"\n<p><center><img decoding=\"async\" src=\"https:\/\/i.imgur.com\/b2pQdr4.jpg\" height=\"700\"><\/center><\/p>\n\n\n\n<p><strong>Storia<\/strong><br>Versione cinematografica della serie TV con alcune scene inedite. In un mondo diverso dal nostro, gli oceani si sono prosciugati e il metodo di trasporto pi\u00f9 comune tra una citt\u00e0 e l&#8217;altra \u00e8 diventato l&#8217;aeronave. Ovviamente il cielo \u00e8 irto di pericoli e le aeronavi sono sempre sotto attacco di aviopirati, per cui nasce la necessit\u00e0 di ingaggiare piloti di aerei che facciano da guardie del corpo al carico e alle persone. Qui entra in gioco la squadriglia Kotobuki, formata da sei ragazze tanto belle quanto abili nel pilotare aerei.<\/p>\n\n\n\n<p><strong>Dettagli<\/strong><br><strong>Sorgente video<\/strong>: [KnK]<br><strong>Caratteristiche Video<\/strong>: HEVC Hi10P \u2013 1920\u00d71080<br><strong>Caratteristiche Audio<\/strong>: AAC 2.0 + AAC 7.1 (a parte)<br><strong>Container<\/strong>: Matroska<br><strong>Sottotitoli<\/strong>: Softsub in ASS<br><strong>Ringraziamenti<\/strong>: [KnK]<\/p>\n\n\n\n<p><strong>Staff<\/strong><br><strong>Traduzione, adattamento, timing (scene inedite)<\/strong>: Max<br><strong>Check<\/strong>: Nighthawk<br><strong>Timing, typesetting (versione TV)<\/strong>: Alen (Owari)<\/p>\n\n\n\n<p><a href=\"https:\/\/nyaa.si\/download\/1460072.torrent\"><strong>Download torrent<\/strong><\/a><\/p>\n","protected":false},"excerpt":{"rendered":"<p>StoriaVersione cinematografica della serie TV con alcune scene inedite. In un mondo diverso dal nostro, gli oceani si sono prosciugati e il metodo di trasporto pi\u00f9 comune tra una citt\u00e0 e l&#8217;altra \u00e8 diventato l&#8217;aeronave. Ovviamente il cielo \u00e8 irto di pericoli e le aeronavi sono sempre sotto attacco di aviopirati, per cui nasce la [&hellip;]<\/p>\n","protected":false},"author":2,"featured_media":0,"parent":0,"menu_order":0,"comment_status":"closed","ping_status":"closed","template":"","meta":{"footnotes":""},"_links":{"self":[{"href":"http:\/\/pantalonirossi.lacumpa.biz\/index.php?rest_route=\/wp\/v2\/pages\/2499"}],"collection":[{"href":"http:\/\/pantalonirossi.lacumpa.biz\/index.php?rest_route=\/wp\/v2\/pages"}],"about":[{"href":"http:\/\/pantalonirossi.lacumpa.biz\/index.php?rest_route=\/wp\/v2\/types\/page"}],"author":[{"embeddable":true,"href":"http:\/\/pantalonirossi.lacumpa.biz\/index.php?rest_route=\/wp\/v2\/users\/2"}],"replies":[{"embeddable":true,"href":"http:\/\/pantalonirossi.lacumpa.biz\/index.php?rest_route=%2Fwp%2Fv2%2Fcomments&post=2499"}],"version-history":[{"count":12,"href":"http:\/\/pantalonirossi.lacumpa.biz\/index.php?rest_route=\/wp\/v2\/pages\/2499\/revisions"}],"predecessor-version":[{"id":2571,"href":"http:\/\/pantalonirossi.lacumpa.biz\/index.php?rest_route=\/wp\/v2\/pages\/2499\/revisions\/2571"}],"wp:attachment":[{"href":"http:\/\/pantalonirossi.lacumpa.biz\/index.php?rest_route=%2Fwp%2Fv2%2Fmedia&parent=2499"}],"curies":[{"name":"wp","href":"https:\/\/api.w.org\/{rel}","templated":true}]}}