{"id":2362,"date":"2020-12-13T23:40:36","date_gmt":"2020-12-13T22:40:36","guid":{"rendered":"http:\/\/pantalonirossi.lacumpa.biz\/?page_id=2362"},"modified":"2020-12-13T23:40:36","modified_gmt":"2020-12-13T22:40:36","slug":"kouya-no-kotobuki-hikoutai","status":"publish","type":"page","link":"http:\/\/pantalonirossi.lacumpa.biz\/?page_id=2362","title":{"rendered":"Kouya no Kotobuki Hikoutai"},"content":{"rendered":"\n<p><center><img decoding=\"async\" src=\"https:\/\/i.imgur.com\/Qq2W7rk.jpg\" height=\"700\"><\/center><\/p>\n\n\n\n<p><strong>Storia<\/strong><br>In un mondo diverso dal nostro, gli oceani si sono prosciugati e il metodo di trasporto pi\u00f9 comune tra una citt\u00e0 e l&#8217;altra \u00e8 diventato l&#8217;aeronave. Ovviamente il cielo \u00e8 irto di pericoli e le aeronavi sono sempre sotto attacco di aviopirati, per cui nasce la necessit\u00e0 di ingaggiare piloti di aerei che facciano da guardie del corpo al carico e alle persone. Qui entra in gioco la squadriglia Kotobuki, formata da sei ragazze tanto belle quanto abili nel pilotare aerei.<\/p>\n\n\n\n<p><strong>Dettagli<\/strong><br><strong>Sorgente video<\/strong>: [Raws-Maji]<br><strong>Caratteristiche Video<\/strong>: H264 Hi10P &#8211; 1920&#215;1080<br><strong>Caratteristiche Audio<\/strong>: AAC + FLAC 2.1 (a parte)<br><strong>Container<\/strong>: Matroska<br><strong>Sottotitoli<\/strong>: Softsub in ASS<br><strong>Ringraziamenti<\/strong>: [Vivid-GJM], [Raws-Maji]<\/p>\n\n\n\n<p>In collaborazione con <a href=\"https:\/\/owarisubs.lacumpa.biz\/\">Owari Subs<\/a>.<\/p>\n\n\n\n<p><strong>Staff<\/strong><br><strong>Traduzione e adattamento<\/strong>: Max<br><strong>Check<\/strong>: Nighthawk<br><strong>Timing, typesetting<\/strong>: Alen (Owari)<\/p>\n\n\n\n<p><a href=\"https:\/\/nyaa.si\/download\/1314694.torrent\"><strong>Download torrent pack episodi 01-12 FINE<\/strong><\/a><\/p>\n","protected":false},"excerpt":{"rendered":"<p>StoriaIn un mondo diverso dal nostro, gli oceani si sono prosciugati e il metodo di trasporto pi\u00f9 comune tra una citt\u00e0 e l&#8217;altra \u00e8 diventato l&#8217;aeronave. Ovviamente il cielo \u00e8 irto di pericoli e le aeronavi sono sempre sotto attacco di aviopirati, per cui nasce la necessit\u00e0 di ingaggiare piloti di aerei che facciano da [&hellip;]<\/p>\n","protected":false},"author":3,"featured_media":0,"parent":0,"menu_order":0,"comment_status":"closed","ping_status":"closed","template":"","meta":{"footnotes":""},"_links":{"self":[{"href":"http:\/\/pantalonirossi.lacumpa.biz\/index.php?rest_route=\/wp\/v2\/pages\/2362"}],"collection":[{"href":"http:\/\/pantalonirossi.lacumpa.biz\/index.php?rest_route=\/wp\/v2\/pages"}],"about":[{"href":"http:\/\/pantalonirossi.lacumpa.biz\/index.php?rest_route=\/wp\/v2\/types\/page"}],"author":[{"embeddable":true,"href":"http:\/\/pantalonirossi.lacumpa.biz\/index.php?rest_route=\/wp\/v2\/users\/3"}],"replies":[{"embeddable":true,"href":"http:\/\/pantalonirossi.lacumpa.biz\/index.php?rest_route=%2Fwp%2Fv2%2Fcomments&post=2362"}],"version-history":[{"count":8,"href":"http:\/\/pantalonirossi.lacumpa.biz\/index.php?rest_route=\/wp\/v2\/pages\/2362\/revisions"}],"predecessor-version":[{"id":2437,"href":"http:\/\/pantalonirossi.lacumpa.biz\/index.php?rest_route=\/wp\/v2\/pages\/2362\/revisions\/2437"}],"wp:attachment":[{"href":"http:\/\/pantalonirossi.lacumpa.biz\/index.php?rest_route=%2Fwp%2Fv2%2Fmedia&parent=2362"}],"curies":[{"name":"wp","href":"https:\/\/api.w.org\/{rel}","templated":true}]}}