{"id":2048,"date":"2019-10-06T10:27:08","date_gmt":"2019-10-06T08:27:08","guid":{"rendered":"http:\/\/pantalonirossi.lacumpa.biz\/?page_id=2048"},"modified":"2020-12-13T23:44:56","modified_gmt":"2020-12-13T22:44:56","slug":"fate-grand-order-zettai-majuu-sensen-babylonia","status":"publish","type":"page","link":"http:\/\/pantalonirossi.lacumpa.biz\/?page_id=2048","title":{"rendered":"Fate\/Grand Order Zettai Majuu Sensen Babylonia"},"content":{"rendered":"<p><center><img decoding=\"async\" src=\"https:\/\/i.imgur.com\/PnF45sk.jpg\" height=\"700\" \/><\/center><\/p>\n<p><span style=\"text-decoration: underline;\"><strong>Storia<\/strong><\/span><br \/>\nIl Master di Chaldea Ritsuka Fujimaru si imbarca nell&#8217;ultima missione per salvare l&#8217;umanit\u00e0 dall&#8217;Incenerimento causato dal Re mago. La destinazione \u00e8 l&#8217;antica Mesopotamia, nell&#8217;anno 2655 a.C., dove si trover\u00e0 a combattere al fianco dei pi\u00f9 grandi eroi della storia contro le bestie demoniache e un&#8217;alleanza di tre dee.<\/p>\n<p><span style=\"text-decoration: underline;\"><strong>Dettagli<\/strong><\/span><br \/>\n<strong>Sorgente video<\/strong>: Funimation<br \/>\n<strong>Caratteristiche Video<\/strong>: H264 Hi10P &#8211; 1280&#215;720<br \/>\n<strong>Caratteristiche Audio<\/strong>: AAC LC<br \/>\n<strong>Container<\/strong>: Matroska<br \/>\n<strong>Sottotitoli<\/strong>: Softsub in ASS<br \/>\n<strong>Ringraziamenti<\/strong>: Funimation<\/p>\n<p>In collaborazione con <a href=\"http:\/\/owarisubs.lacumpa.biz\/\">Owari Subs<\/a>.<\/p>\n<p><span style=\"text-decoration: underline;\"><strong>Staff<\/strong><\/span><br \/>\n<strong>Traduzione e adattamento<\/strong>: Max<br \/>\n<strong>Check<\/strong>: Byakko (Owari Subs), Nighthawk<br \/>\n<strong>Timing<\/strong>: Tomlink (Owari Subs)<br \/>\n<strong>Typesetting<\/strong>: Alen, Adriks<br \/>\n<strong>Encoding e check finale<\/strong>: Cusy (Owari Subs)<\/p>\n<p><a href=\"https:\/\/nyaa.si\/download\/1309676.torrent\">Download torrent pack<\/a><\/p>\n","protected":false},"excerpt":{"rendered":"<p>Storia Il Master di Chaldea Ritsuka Fujimaru si imbarca nell&#8217;ultima missione per salvare l&#8217;umanit\u00e0 dall&#8217;Incenerimento causato dal Re mago. La destinazione \u00e8 l&#8217;antica Mesopotamia, nell&#8217;anno 2655 a.C., dove si trover\u00e0 a combattere al fianco dei pi\u00f9 grandi eroi della storia contro le bestie demoniache e un&#8217;alleanza di tre dee. Dettagli Sorgente video: Funimation Caratteristiche Video: [&hellip;]<\/p>\n","protected":false},"author":2,"featured_media":0,"parent":0,"menu_order":0,"comment_status":"closed","ping_status":"closed","template":"","meta":{"footnotes":""},"_links":{"self":[{"href":"http:\/\/pantalonirossi.lacumpa.biz\/index.php?rest_route=\/wp\/v2\/pages\/2048"}],"collection":[{"href":"http:\/\/pantalonirossi.lacumpa.biz\/index.php?rest_route=\/wp\/v2\/pages"}],"about":[{"href":"http:\/\/pantalonirossi.lacumpa.biz\/index.php?rest_route=\/wp\/v2\/types\/page"}],"author":[{"embeddable":true,"href":"http:\/\/pantalonirossi.lacumpa.biz\/index.php?rest_route=\/wp\/v2\/users\/2"}],"replies":[{"embeddable":true,"href":"http:\/\/pantalonirossi.lacumpa.biz\/index.php?rest_route=%2Fwp%2Fv2%2Fcomments&post=2048"}],"version-history":[{"count":15,"href":"http:\/\/pantalonirossi.lacumpa.biz\/index.php?rest_route=\/wp\/v2\/pages\/2048\/revisions"}],"predecessor-version":[{"id":2440,"href":"http:\/\/pantalonirossi.lacumpa.biz\/index.php?rest_route=\/wp\/v2\/pages\/2048\/revisions\/2440"}],"wp:attachment":[{"href":"http:\/\/pantalonirossi.lacumpa.biz\/index.php?rest_route=%2Fwp%2Fv2%2Fmedia&parent=2048"}],"curies":[{"name":"wp","href":"https:\/\/api.w.org\/{rel}","templated":true}]}}