{"id":1493,"date":"2017-01-10T17:33:13","date_gmt":"2017-01-10T16:33:13","guid":{"rendered":"http:\/\/pantalonirossi.lacumpa.biz\/?page_id=1493"},"modified":"2019-05-10T12:45:09","modified_gmt":"2019-05-10T10:45:09","slug":"youjo-senki-saga-of-tanya-the-evil","status":"publish","type":"page","link":"http:\/\/pantalonirossi.lacumpa.biz\/?page_id=1493","title":{"rendered":"Youjo Senki &#8211; Saga of Tanya the Evil"},"content":{"rendered":"<p><center><img decoding=\"async\" src=\"http:\/\/i.imgur.com\/bq8I6hq.jpg\" height=\"700\"><\/center><\/p>\n<p><span style=\"text-decoration: underline;\"><strong>Storia<\/strong><\/span><br \/>\n1923, in una versione alternativa della Grande Guerra, il sottotenente Tanya Degurechaff \u00e8 il comandante del 3o plotone stregoni d&#8217;assalto. Questa giovane ragazzina sfrutter\u00e0 ogni mezzo a sua disposizione per fare carriera nell&#8217;esercito imperiale e non guarder\u00e0 in faccia nessuno.<\/p>\n<p><span style=\"text-decoration: underline;\"><strong>Dettagli<\/strong><\/span><br \/>\n<strong>Sorgente video<\/strong>: Crunchyroll<br \/>\n<strong>Caratteristiche Video<\/strong>: H264 Hi10P &#8211; 1280&#215;720<br \/>\n<strong>Caratteristiche Audio<\/strong>: FLAC<br \/>\n<strong>Container<\/strong>: Matroska<br \/>\n<strong>Sottotitoli<\/strong>: Softsub in ASS<br \/>\n<strong>Ringraziamenti<\/strong>: Crunchyroll<\/p>\n<p>In collaborazione con <a href=\"http:\/\/omnivium.it\/\">Omnivium<\/a>.<\/p>\n<p><span style=\"text-decoration: underline;\"><strong>Staff<\/strong><\/span><br \/>\n<strong>Traduzione e adattamento<\/strong>: Max<br \/>\n<strong>Check<\/strong>: Nighthawk<br \/>\n<strong>Timing e typesetting<\/strong>: Alen<br \/>\n<strong>Encoding e check finale<\/strong>: Hell (Omnivium)<\/p>\n<p><a href=\"https:\/\/nyaa.si\/download\/1141813.torrent\"><strong>Download torrent pack episodi 01-12 FINE<\/strong><\/a><\/p>\n","protected":false},"excerpt":{"rendered":"<p>Storia 1923, in una versione alternativa della Grande Guerra, il sottotenente Tanya Degurechaff \u00e8 il comandante del 3o plotone stregoni d&#8217;assalto. Questa giovane ragazzina sfrutter\u00e0 ogni mezzo a sua disposizione per fare carriera nell&#8217;esercito imperiale e non guarder\u00e0 in faccia nessuno. Dettagli Sorgente video: Crunchyroll Caratteristiche Video: H264 Hi10P &#8211; 1280&#215;720 Caratteristiche Audio: FLAC Container: [&hellip;]<\/p>\n","protected":false},"author":2,"featured_media":0,"parent":0,"menu_order":0,"comment_status":"closed","ping_status":"closed","template":"","meta":{"footnotes":""},"_links":{"self":[{"href":"http:\/\/pantalonirossi.lacumpa.biz\/index.php?rest_route=\/wp\/v2\/pages\/1493"}],"collection":[{"href":"http:\/\/pantalonirossi.lacumpa.biz\/index.php?rest_route=\/wp\/v2\/pages"}],"about":[{"href":"http:\/\/pantalonirossi.lacumpa.biz\/index.php?rest_route=\/wp\/v2\/types\/page"}],"author":[{"embeddable":true,"href":"http:\/\/pantalonirossi.lacumpa.biz\/index.php?rest_route=\/wp\/v2\/users\/2"}],"replies":[{"embeddable":true,"href":"http:\/\/pantalonirossi.lacumpa.biz\/index.php?rest_route=%2Fwp%2Fv2%2Fcomments&post=1493"}],"version-history":[{"count":13,"href":"http:\/\/pantalonirossi.lacumpa.biz\/index.php?rest_route=\/wp\/v2\/pages\/1493\/revisions"}],"predecessor-version":[{"id":2000,"href":"http:\/\/pantalonirossi.lacumpa.biz\/index.php?rest_route=\/wp\/v2\/pages\/1493\/revisions\/2000"}],"wp:attachment":[{"href":"http:\/\/pantalonirossi.lacumpa.biz\/index.php?rest_route=%2Fwp%2Fv2%2Fmedia&parent=1493"}],"curies":[{"name":"wp","href":"https:\/\/api.w.org\/{rel}","templated":true}]}}