{"id":1231,"date":"2016-10-03T13:10:26","date_gmt":"2016-10-03T11:10:26","guid":{"rendered":"http:\/\/pantalonirossi.lacumpa.biz\/?page_id=1231"},"modified":"2019-05-10T12:50:54","modified_gmt":"2019-05-10T10:50:54","slug":"shumatsu-no-izetta","status":"publish","type":"page","link":"http:\/\/pantalonirossi.lacumpa.biz\/?page_id=1231","title":{"rendered":"Shumatsu no Izetta"},"content":{"rendered":"<p><center><img decoding=\"async\" src=\"http:\/\/i.imgur.com\/tXduR2H.jpg\" height=\"700\"><\/center><\/p>\n<p><span style=\"text-decoration: underline;\"><strong>Storia<\/strong><\/span><br \/>\nCorre l&#8217;anno 1940 in Europa. La piccola nazione alpina di Eylstadt vive sotto costante minaccia di un&#8217;invasione da parte dell&#8217;Impero germanico. Nel disperato tentativo di proteggere il proprio paese, la principessa Fine \u00e8 disposta a tutto e chiede supporto bellico alla Britannia. Tuttavia, i suoi piani vanno a monte e finir\u00e0 per essere catturata dal nemico durante i negoziati. Ma durante il viaggio verr\u00e0 soccorsa da una giovane e candida strega.<\/p>\n<p><span style=\"text-decoration: underline;\"><strong>Dettagli<\/strong><\/span><br \/>\n<strong>Sorgente video<\/strong>: Crunchyroll<br \/>\n<strong>Caratteristiche Video<\/strong>: H264 Hi10P &#8211; 1280&#215;720<br \/>\n<strong>Caratteristiche Audio<\/strong>: AAC LC<br \/>\n<strong>Container<\/strong>: Matroska<br \/>\n<strong>Sottotitoli<\/strong>: Softsub in ASS<br \/>\n<strong>Ringraziamenti<\/strong>: Crunchyroll<\/p>\n<p>In collaborazione con <a href=\"http:\/\/omnivium.it\/\">Omnivium<\/a>.<\/p>\n<p><span style=\"text-decoration: underline;\"><strong>Staff<\/strong><\/span><br \/>\n<strong>Traduzione e adattamento<\/strong>: Max<br \/>\n<strong>Check<\/strong>: Nighthawk<br \/>\n<strong>Timing, typesetting, encoding e check finale<\/strong>: Hell<br \/>\n<strong><br \/>\n<a href=\"https:\/\/nyaa.si\/view\/901574\">Download torrent pack episodi 01-12 FINE<\/a><\/strong><\/p>\n","protected":false},"excerpt":{"rendered":"<p>Storia Corre l&#8217;anno 1940 in Europa. La piccola nazione alpina di Eylstadt vive sotto costante minaccia di un&#8217;invasione da parte dell&#8217;Impero germanico. Nel disperato tentativo di proteggere il proprio paese, la principessa Fine \u00e8 disposta a tutto e chiede supporto bellico alla Britannia. Tuttavia, i suoi piani vanno a monte e finir\u00e0 per essere catturata [&hellip;]<\/p>\n","protected":false},"author":2,"featured_media":0,"parent":0,"menu_order":0,"comment_status":"closed","ping_status":"closed","template":"","meta":{"footnotes":""},"_links":{"self":[{"href":"http:\/\/pantalonirossi.lacumpa.biz\/index.php?rest_route=\/wp\/v2\/pages\/1231"}],"collection":[{"href":"http:\/\/pantalonirossi.lacumpa.biz\/index.php?rest_route=\/wp\/v2\/pages"}],"about":[{"href":"http:\/\/pantalonirossi.lacumpa.biz\/index.php?rest_route=\/wp\/v2\/types\/page"}],"author":[{"embeddable":true,"href":"http:\/\/pantalonirossi.lacumpa.biz\/index.php?rest_route=\/wp\/v2\/users\/2"}],"replies":[{"embeddable":true,"href":"http:\/\/pantalonirossi.lacumpa.biz\/index.php?rest_route=%2Fwp%2Fv2%2Fcomments&post=1231"}],"version-history":[{"count":25,"href":"http:\/\/pantalonirossi.lacumpa.biz\/index.php?rest_route=\/wp\/v2\/pages\/1231\/revisions"}],"predecessor-version":[{"id":2013,"href":"http:\/\/pantalonirossi.lacumpa.biz\/index.php?rest_route=\/wp\/v2\/pages\/1231\/revisions\/2013"}],"wp:attachment":[{"href":"http:\/\/pantalonirossi.lacumpa.biz\/index.php?rest_route=%2Fwp%2Fv2%2Fmedia&parent=1231"}],"curies":[{"name":"wp","href":"https:\/\/api.w.org\/{rel}","templated":true}]}}